{"id":83,"date":"2024-05-26T16:33:40","date_gmt":"2024-05-26T16:33:40","guid":{"rendered":"https:\/\/chamaidatabares.com\/?post_type=product&#038;p=83"},"modified":"2025-05-27T09:03:05","modified_gmt":"2025-05-27T09:03:05","slug":"historia-general-de-la-cooperacion-universitaria-en-africa-y-con-africa","status":"publish","type":"product","link":"https:\/\/chamaidatabares.com\/es\/producto\/historia-general-de-la-cooperacion-universitaria-en-africa-y-con-africa\/","title":{"rendered":"Historia General de la Cooperaci\u00f3n Universitaria en \u00c1frica y con \u00c1frica"},"content":{"rendered":"<p>Este libro fue creado con la intenci\u00f3n de mostrar a sus lectores hechos, fechas, y eventos que han sido cruciales para entender la configuraci\u00f3n del mundo actual tal y como lo conocemos. Donde \u00c1frica ha sido marginada, descriminada, invisibilizada, excluida, a pesar de contar con una extraordinaria riqueza patrimonial y un abobinable arsenal de recursos naturales. Por lo que se convierte en fundamental para dar respuesta a los acontecimientos que afectan a la comunidad global. Porque hay mucho por saber de \u00c1frica y \u00c1frica tiene mucho que darle al mundo.<\/p>\n<h2>Product details<\/h2>\n<div id=\"detailBullets_feature_div\">\n<ul class=\"a-unordered-list a-nostyle a-vertical a-spacing-none detail-bullet-list\">\n<li><span class=\"a-list-item\"><span class=\"a-text-bold\">Publisher \u200f : \u200e\u00a0<\/span>Lots to Say Ltd.<\/span><\/li>\n<li><span class=\"a-list-item\"><span class=\"a-text-bold\">Publication date \u200f : \u200e\u00a0<\/span>8 Dec. 2023<\/span><\/li>\n<li><span class=\"a-list-item\"><span class=\"a-text-bold\">Language \u200f : \u200e\u00a0<\/span>Spanish<\/span><\/li>\n<li><span class=\"a-list-item\"><span class=\"a-text-bold\">Print length \u200f : \u200e\u00a0<\/span>194 pages<\/span><\/li>\n<li><span class=\"a-list-item\"><span class=\"a-text-bold\">ISBN-10 \u200f : \u200e\u00a0<\/span>1739548051<\/span><\/li>\n<li><span class=\"a-list-item\"><span class=\"a-text-bold\">ISBN-13 \u200f : \u200e\u00a0<\/span>978-1739548056<\/span><\/li>\n<li><span class=\"a-list-item\"><span class=\"a-text-bold\">Item weight \u200f : \u200e\u00a0<\/span>354 g<\/span><\/li>\n<li><span class=\"a-list-item\"><span class=\"a-text-bold\">Dimensions \u200f : \u200e\u00a0<\/span>15.24 x 1.6 x 22.86 cm<\/span><\/li>\n<\/ul>\n<\/div>","protected":false},"excerpt":{"rendered":"<p><a href=\"https:\/\/www.amazon.co.uk\/Historia-General-Cooperaci%C3%B3n-Universitaria-%C3%81frica\/dp\/1739548051\/ref=sr_1_4?crid=38AT32VX9JX5Q&amp;dib=eyJ2IjoiMSJ9.WG3fGxLGPOrcY8auDuxc45EWAO_rRErWZbj-b05TWZvk_SADBlY3IigWMJd8Du1a.VjBcdUhT4XABeY15xJr9WRY1RkDFY2YXWCEOpPyIdOk&amp;dib_tag=se&amp;keywords=Chamaida+Tabares&amp;qid=1745481297&amp;s=books&amp;sprefix=chamaida+tabares+%2Cstripbooks%2C80&amp;sr=1-4\" target=\"_blank\" rel=\"noopener\"><img loading=\"lazy\" decoding=\"async\" class=\"alignnone wp-image-178 size-medium\" src=\"https:\/\/chamaidatabares.com\/wp-content\/uploads\/2024\/05\/buy-on-amazon-300x95.png\" alt=\"\" width=\"300\" height=\"95\" srcset=\"https:\/\/chamaidatabares.com\/wp-content\/uploads\/2024\/05\/buy-on-amazon-300x95.png 300w, https:\/\/chamaidatabares.com\/wp-content\/uploads\/2024\/05\/buy-on-amazon.png 500w\" sizes=\"auto, (max-width: 300px) 100vw, 300px\" \/><\/a><\/p>\n<p>Este libro fue creado con la intenci\u00f3n de mostrar a sus lectores hechos, fechas, y eventos que han sido cruciales para entender la configuraci\u00f3n del mundo actual tal y como lo conocemos. Donde \u00c1frica ha sido marginada, descriminada, invisibilizada, excluida, a pesar de contar con una extraordinaria riqueza patrimonial y un abobinable arsenal de recursos naturales. Por lo que se convierte en fundamental para dar respuesta a los acontecimientos que afectan a la comunidad global. Porque hay mucho por saber de \u00c1frica y \u00c1frica tiene mucho que darle al mundo.<\/p>","protected":false},"featured_media":274,"comment_status":"open","ping_status":"closed","template":"","meta":[],"product_cat":[19],"product_tag":[],"class_list":{"0":"post-83","1":"product","2":"type-product","3":"status-publish","4":"has-post-thumbnail","6":"product_cat-books-in-spanish","8":"first","9":"instock","10":"shipping-taxable","11":"product-type-simple"},"_links":{"self":[{"href":"https:\/\/chamaidatabares.com\/es\/wp-json\/wp\/v2\/product\/83","targetHints":{"allow":["GET"]}}],"collection":[{"href":"https:\/\/chamaidatabares.com\/es\/wp-json\/wp\/v2\/product"}],"about":[{"href":"https:\/\/chamaidatabares.com\/es\/wp-json\/wp\/v2\/types\/product"}],"replies":[{"embeddable":true,"href":"https:\/\/chamaidatabares.com\/es\/wp-json\/wp\/v2\/comments?post=83"}],"wp:featuredmedia":[{"embeddable":true,"href":"https:\/\/chamaidatabares.com\/es\/wp-json\/wp\/v2\/media\/274"}],"wp:attachment":[{"href":"https:\/\/chamaidatabares.com\/es\/wp-json\/wp\/v2\/media?parent=83"}],"wp:term":[{"taxonomy":"product_cat","embeddable":true,"href":"https:\/\/chamaidatabares.com\/es\/wp-json\/wp\/v2\/product_cat?post=83"},{"taxonomy":"product_tag","embeddable":true,"href":"https:\/\/chamaidatabares.com\/es\/wp-json\/wp\/v2\/product_tag?post=83"}],"curies":[{"name":"wp","href":"https:\/\/api.w.org\/{rel}","templated":true}]}}