{"id":80,"date":"2024-05-26T16:29:07","date_gmt":"2024-05-26T16:29:07","guid":{"rendered":"https:\/\/chamaidatabares.com\/?post_type=product&#038;p=80"},"modified":"2024-12-28T18:58:22","modified_gmt":"2024-12-28T18:58:22","slug":"crecimiento-personal-economicoy-social-en-la-neo-industrializacion-spanish-edition","status":"publish","type":"product","link":"https:\/\/chamaidatabares.com\/es\/producto\/crecimiento-personal-economicoy-social-en-la-neo-industrializacion-spanish-edition\/","title":{"rendered":"Crecimiento Personal, Econ\u00f3mico,y Social en la Neo-Industrializaci\u00f3n (Spanish Edition)"},"content":{"rendered":"<p>Este es el \u00fanico libro en el mercado mundial sobre la neo-industrializaci\u00f3n. Este libro fue escrito, debido a la crisis causada por el Covid19, ya que esta ha creado muchos desajustes y confusi\u00f3n, y es necesario que las personas entiendan que los desajustes y la confusi\u00f3n no son irreparables. El mundo est\u00e1 cambiando, como ha ocurrido anteriormente. Por lo que se hace necesario ser consciente y estar preparado de la mejor manera para poder afrontar esos cambios de manera satisfactoria. Por ello escrib\u00ed este libro, para crear una herramienta educativa comprimida que pueda inspirar tu desarrollo personal, para que puedas crecer y expandirte, para motivarte a mejorar, de forma que puedas aspirar a lo mejor para as\u00ed poder mejorar tu vida y la de las personas que te rodean. Y quiero hacerte creer que ello es posible, aunque sean circunstancias muy desfavorecedoras las que te acompa\u00f1en.<br \/>\nComo ejemplo, he reflejado el m\u00edo, las circunstancias que tuve la oportunidad de experimentar desde diciembre del 2020, hasta aproximadamente mayo del 2022, y a pesar de las mismas, lo que parec\u00eda imposible se llev\u00f3 a cabo. Por ello, busqu\u00e9 en las fuentes documentales (libros, revistas, etc.) el conocimiento que reflejase lo que yo hab\u00eda vivido y experimentado, para de esta forma poder explic\u00e1rselo a ustedes, y as\u00ed ustedes poder llevarlo a cabo para mejorar sus vidas y la de las personas que le rodean. Porque si yo no hubiese hecho lo que hice, quiz\u00e1s no hubiese acabado mis estudios, no hubiera tomado decisiones sabias y coherentes con respecto a mi persona, mi dinero, etc., quiz\u00e1s hubiese desarrollado una depresi\u00f3n u otro tipo de enfermedad mental, o hubiese acabado perdiendo algunas de mis pertenencias, o sumida en el consumo de alguna sustancia. Pero ello no fue as\u00ed, y por eso estoy aqu\u00ed para cont\u00e1rtelo.<\/p>\n<h2>Product details<\/h2>\n<div id=\"detailBullets_feature_div\">\n<ul class=\"a-unordered-list a-nostyle a-vertical a-spacing-none detail-bullet-list\">\n<li><span class=\"a-list-item\"><span class=\"a-text-bold\">ASIN \u200f : \u200e\u00a0<\/span>B0CK3MXPYL<\/span><\/li>\n<li><span class=\"a-list-item\"><span class=\"a-text-bold\">Publisher \u200f : \u200e\u00a0<\/span>Lots to Say Ltd. (September 27, 2023)<\/span><\/li>\n<li><span class=\"a-list-item\"><span class=\"a-text-bold\">Language \u200f : \u200e\u00a0<\/span>Spanish<\/span><\/li>\n<li><span class=\"a-list-item\"><span class=\"a-text-bold\">Paperback \u200f : \u200e\u00a0<\/span>185 pages<\/span><\/li>\n<li><span class=\"a-list-item\"><span class=\"a-text-bold\">ISBN-10 \u200f : \u200e\u00a0<\/span>1739548027<\/span><\/li>\n<li><span class=\"a-list-item\"><span class=\"a-text-bold\">ISBN-13 \u200f : \u200e\u00a0<\/span>978-1739548025<\/span><\/li>\n<li><span class=\"a-list-item\"><span class=\"a-text-bold\">Reading age \u200f : \u200e\u00a0<\/span>12 &#8211; 18 years<\/span><\/li>\n<li><span class=\"a-list-item\"><span class=\"a-text-bold\">Item Weight \u200f : \u200e\u00a0<\/span>12 ounces<\/span><\/li>\n<li><span class=\"a-list-item\"><span class=\"a-text-bold\">Dimensions \u200f : \u200e\u00a0<\/span>6 x 0.47 x 9 inches<\/span><\/li>\n<\/ul>\n<\/div>","protected":false},"excerpt":{"rendered":"<p><a href=\"https:\/\/www.amazon.co.uk\/Crecimiento-Personal-Econ%C3%B3mico-Social-Neo-Industrializaci%C3%B3n\/dp\/B0CK3MXPYL\" target=\"_blank\" rel=\"noopener\"><img loading=\"lazy\" decoding=\"async\" class=\"alignnone wp-image-178 size-medium\" src=\"https:\/\/chamaidatabares.com\/wp-content\/uploads\/2024\/05\/buy-on-amazon-300x95.png\" alt=\"\" width=\"300\" height=\"95\" srcset=\"https:\/\/chamaidatabares.com\/wp-content\/uploads\/2024\/05\/buy-on-amazon-300x95.png 300w, https:\/\/chamaidatabares.com\/wp-content\/uploads\/2024\/05\/buy-on-amazon.png 500w\" sizes=\"auto, (max-width: 300px) 100vw, 300px\" \/><\/a><\/p>\n<p>Este es el \u00fanico libro en el mercado mundial sobre la neo-industrializaci\u00f3n. Este libro fue escrito, debido a la crisis causada por el Covid19, ya que esta ha creado muchos desajustes y confusi\u00f3n, y es necesario que las personas entiendan que los desajustes y la confusi\u00f3n no son irreparables. El mundo est\u00e1 cambiando, como ha ocurrido anteriormente. Por lo que se hace necesario ser consciente y estar preparado de la mejor manera para poder afrontar esos cambios de manera satisfactoria. Por ello escrib\u00ed este libro, para crear una herramienta educativa comprimida que pueda inspirar tu desarrollo personal, para que puedas crecer y expandirte, para motivarte a mejorar, de forma que puedas aspirar a lo mejor para as\u00ed poder mejorar tu vida y la de las personas que te rodean. Y quiero hacerte creer que ello es posible, aunque sean circunstancias muy desfavorecedoras las que te acompa\u00f1en.<\/p>","protected":false},"featured_media":82,"comment_status":"open","ping_status":"closed","template":"","meta":[],"product_cat":[19],"product_tag":[],"class_list":{"0":"post-80","1":"product","2":"type-product","3":"status-publish","4":"has-post-thumbnail","6":"product_cat-books-in-spanish","8":"first","9":"instock","10":"shipping-taxable","11":"product-type-simple"},"_links":{"self":[{"href":"https:\/\/chamaidatabares.com\/es\/wp-json\/wp\/v2\/product\/80","targetHints":{"allow":["GET"]}}],"collection":[{"href":"https:\/\/chamaidatabares.com\/es\/wp-json\/wp\/v2\/product"}],"about":[{"href":"https:\/\/chamaidatabares.com\/es\/wp-json\/wp\/v2\/types\/product"}],"replies":[{"embeddable":true,"href":"https:\/\/chamaidatabares.com\/es\/wp-json\/wp\/v2\/comments?post=80"}],"wp:featuredmedia":[{"embeddable":true,"href":"https:\/\/chamaidatabares.com\/es\/wp-json\/wp\/v2\/media\/82"}],"wp:attachment":[{"href":"https:\/\/chamaidatabares.com\/es\/wp-json\/wp\/v2\/media?parent=80"}],"wp:term":[{"taxonomy":"product_cat","embeddable":true,"href":"https:\/\/chamaidatabares.com\/es\/wp-json\/wp\/v2\/product_cat?post=80"},{"taxonomy":"product_tag","embeddable":true,"href":"https:\/\/chamaidatabares.com\/es\/wp-json\/wp\/v2\/product_tag?post=80"}],"curies":[{"name":"wp","href":"https:\/\/api.w.org\/{rel}","templated":true}]}}