{"id":174,"date":"2024-12-05T22:52:16","date_gmt":"2024-12-05T22:52:16","guid":{"rendered":"https:\/\/chamaidatabares.com\/?post_type=product&#038;p=174"},"modified":"2026-03-29T23:50:01","modified_gmt":"2026-03-29T23:50:01","slug":"pedagogical-method-for-personal-relational-understanding","status":"publish","type":"product","link":"https:\/\/chamaidatabares.com\/es\/producto\/pedagogical-method-for-personal-relational-understanding\/","title":{"rendered":"M\u00e9todo Pedag\u00f3gico para el Entendimiento Relacional Personal"},"content":{"rendered":"<p>Un m\u00e9todo pedag\u00f3gico con una duraci\u00f3n de 15 semanas, que consiste en 15 sesiones conmigo de una hora de duraci\u00f3n por semana, para poder analizar como se relaciona consigo, con los dem\u00e1s, y con el entorno, identificando lo que m\u00e1s le favorece o impide la consecuci\u00f3n de sus objetivos, y por tanto, su bienestar y desarrollo, para poder mejorar y aumentar su salud relacional, identificando lo que mejora su expansi\u00f3n y crecimiento.<\/p>\n<p>Yo he creado este m\u00e9todo pedag\u00f3gico para ayudar a las personas a entender que la vida b\u00e1sicamente se direcciona de una manera u otra dependiendo de como te relacionas contigo, con los dem\u00e1s, y con el entorno. Porque si no puedes alcanzar tus prop\u00f3sitos a nivel personal, comunitario, o social, puede ser  debido quiz\u00e1s a algo que realizas que no te beneficia para tales fines. Por ello, con este m\u00e9todo pedag\u00f3gico con una duraci\u00f3n de 15 semanas, con sesiones de una hora por semana, aprender\u00e1s a conocerte a ti mismo, as\u00ed como de que manera te impactan las personas que te rodean, as\u00ed como las limitaciones o posibilidades de los entornos que frecuentas, para poder elaborar una intervenci\u00f3n educativa que te permita la renovaci\u00f3n y la expasi\u00f3n, para la mejora de tu bienestar, y consecuentemente tambi\u00e9n de tus alrededores. Su precio \u00a3650 y los pagos pueden efectuarse a trav\u00e9s de Paypal o por medio de una transferencia bancaria.<\/p>","protected":false},"excerpt":{"rendered":"<p>Un m\u00e9todo pedag\u00f3gico con una duraci\u00f3n de 15 semanas, que consiste en 15 sesiones conmigo de una hora de duraci\u00f3n por semana, para poder analizar como se relaciona consigo, con los dem\u00e1s, y con el entorno, identificando lo que m\u00e1s le favorece o impide la consecuci\u00f3n de sus objetivos, y por tanto, su bienestar y desarrollo, para poder mejorar y aumentar su salud relacional, identificando lo que mejora su expansi\u00f3n y crecimiento.<\/p>\n<p>Yo he creado este m\u00e9todo pedag\u00f3gico para ayudar a las personas a entender que la vida b\u00e1sicamente se direcciona de una manera u otra dependiendo de como te relacionas contigo, con los dem\u00e1s, y con el entorno. Porque si no puedes alcanzar tus prop\u00f3sitos a nivel personal, comunitario, o social, puede ser  debido quiz\u00e1s a algo que realizas que no te beneficia para tales fines. Por ello, con este m\u00e9todo pedag\u00f3gico con una duraci\u00f3n de 15 semanas, con sesiones de una hora por semana, aprender\u00e1s a conocerte a ti mismo, as\u00ed como de que manera te impactan las personas que te rodean, as\u00ed como las limitaciones o posibilidades de los entornos que frecuentas, para poder elaborar una intervenci\u00f3n educativa que te permita la renovaci\u00f3n y la expasi\u00f3n, para la mejora de tu bienestar, y consecuentemente tambi\u00e9n de tus alrededores. Su precio \u00a3650 y los pagos pueden efectuarse a trav\u00e9s de Paypal o por medio de una transferencia bancaria.<\/p>","protected":false},"featured_media":208,"comment_status":"open","ping_status":"closed","template":"","meta":[],"product_cat":[23],"product_tag":[],"class_list":{"0":"post-174","1":"product","2":"type-product","3":"status-publish","4":"has-post-thumbnail","6":"product_cat-pedagogical-programs","8":"first","9":"instock","10":"virtual","11":"purchasable","12":"product-type-simple"},"_links":{"self":[{"href":"https:\/\/chamaidatabares.com\/es\/wp-json\/wp\/v2\/product\/174","targetHints":{"allow":["GET"]}}],"collection":[{"href":"https:\/\/chamaidatabares.com\/es\/wp-json\/wp\/v2\/product"}],"about":[{"href":"https:\/\/chamaidatabares.com\/es\/wp-json\/wp\/v2\/types\/product"}],"replies":[{"embeddable":true,"href":"https:\/\/chamaidatabares.com\/es\/wp-json\/wp\/v2\/comments?post=174"}],"wp:featuredmedia":[{"embeddable":true,"href":"https:\/\/chamaidatabares.com\/es\/wp-json\/wp\/v2\/media\/208"}],"wp:attachment":[{"href":"https:\/\/chamaidatabares.com\/es\/wp-json\/wp\/v2\/media?parent=174"}],"wp:term":[{"taxonomy":"product_cat","embeddable":true,"href":"https:\/\/chamaidatabares.com\/es\/wp-json\/wp\/v2\/product_cat?post=174"},{"taxonomy":"product_tag","embeddable":true,"href":"https:\/\/chamaidatabares.com\/es\/wp-json\/wp\/v2\/product_tag?post=174"}],"curies":[{"name":"wp","href":"https:\/\/api.w.org\/{rel}","templated":true}]}}