{"id":172,"date":"2024-12-05T22:48:18","date_gmt":"2024-12-05T22:48:18","guid":{"rendered":"https:\/\/chamaidatabares.com\/?post_type=product&#038;p=172"},"modified":"2026-03-29T23:49:28","modified_gmt":"2026-03-29T23:49:28","slug":"higher-education-pedagogical-program","status":"publish","type":"product","link":"https:\/\/chamaidatabares.com\/es\/producto\/higher-education-pedagogical-program\/","title":{"rendered":"Programa Pedag\u00f3gico de Educaci\u00f3n Superior"},"content":{"rendered":"<p>Un programa pedag\u00f3gico que consiste en 10 sesiones conmigo a lo largo de dos semanas para triunfar dentro del sector de la Educaci\u00f3n Superior como estudiante.<br \/>\nYo he creado este programa pedag\u00f3gico para ayudar a estudiantes que van a asistir a la Universidad por primera vez y para estudiantes que ya est\u00e1n en la Universidad, pero necesitan orientaci\u00f3n y recomendaciones para lograr el \u00e9xito en su carrera acad\u00e9mica. Este programa consiste en 10 sesiones conmigo, a lo largo de dos semanas. La consultor\u00eda se llevar\u00e1 a cabo de manera digital de Lunes a Viernes con un horario de reuni\u00f3n fijo preestablecido para todos los d\u00edas. \nLa consultor\u00eda se realizar\u00e1 a trav\u00e9s de videollamadas de una hora de duraci\u00f3n v\u00eda Zoom, Microsoft Teams o WhatsApp. Cada hora diaria de consultor\u00eda personalizada, est\u00e1 destinada para brindarte mis mejores soluciones, recomendaciones, sugerencias, y consejos sobre c\u00f3mo tener \u00e9xito como estudiante en el sector de la educaci\u00f3n superior independientemente de su estatus econ\u00f3mico, social, y cultural. \nSu precio \u00a3350 y los pagos pueden efectuarse a trav\u00e9s de PayPal o mediante una transferencia bancaria.<\/p>","protected":false},"excerpt":{"rendered":"<p>Un programa pedag\u00f3gico que consiste en 10 sesiones conmigo a lo largo de dos semanas para triunfar dentro del sector de la Educaci\u00f3n Superior como estudiante.<br \/>\nYo he creado este programa pedag\u00f3gico para ayudar a estudiantes que van a asistir a la Universidad por primera vez y para estudiantes que ya est\u00e1n en la Universidad, pero necesitan orientaci\u00f3n y recomendaciones para lograr el \u00e9xito en su carrera acad\u00e9mica. Este programa consiste en 10 sesiones conmigo, a lo largo de dos semanas. La consultor\u00eda se llevar\u00e1 a cabo de manera digital de Lunes a Viernes con un horario de reuni\u00f3n fijo preestablecido para todos los d\u00edas. \nLa consultor\u00eda se realizar\u00e1 a trav\u00e9s de videollamadas de una hora de duraci\u00f3n v\u00eda Zoom, Microsoft Teams o WhatsApp. Cada hora diaria de consultor\u00eda personalizada, est\u00e1 destinada para brindarte mis mejores soluciones, recomendaciones, sugerencias, y consejos sobre c\u00f3mo tener \u00e9xito como estudiante en el sector de la educaci\u00f3n superior independientemente de su estatus econ\u00f3mico, social, y cultural. \nSu precio \u00a3350 y los pagos pueden efectuarse a trav\u00e9s de PayPal o mediante una transferencia bancaria.<\/p>","protected":false},"featured_media":205,"comment_status":"open","ping_status":"closed","template":"","meta":[],"product_cat":[23],"product_tag":[],"class_list":{"0":"post-172","1":"product","2":"type-product","3":"status-publish","4":"has-post-thumbnail","6":"product_cat-pedagogical-programs","8":"first","9":"instock","10":"virtual","11":"purchasable","12":"product-type-simple"},"_links":{"self":[{"href":"https:\/\/chamaidatabares.com\/es\/wp-json\/wp\/v2\/product\/172","targetHints":{"allow":["GET"]}}],"collection":[{"href":"https:\/\/chamaidatabares.com\/es\/wp-json\/wp\/v2\/product"}],"about":[{"href":"https:\/\/chamaidatabares.com\/es\/wp-json\/wp\/v2\/types\/product"}],"replies":[{"embeddable":true,"href":"https:\/\/chamaidatabares.com\/es\/wp-json\/wp\/v2\/comments?post=172"}],"wp:featuredmedia":[{"embeddable":true,"href":"https:\/\/chamaidatabares.com\/es\/wp-json\/wp\/v2\/media\/205"}],"wp:attachment":[{"href":"https:\/\/chamaidatabares.com\/es\/wp-json\/wp\/v2\/media?parent=172"}],"wp:term":[{"taxonomy":"product_cat","embeddable":true,"href":"https:\/\/chamaidatabares.com\/es\/wp-json\/wp\/v2\/product_cat?post=172"},{"taxonomy":"product_tag","embeddable":true,"href":"https:\/\/chamaidatabares.com\/es\/wp-json\/wp\/v2\/product_tag?post=172"}],"curies":[{"name":"wp","href":"https:\/\/api.w.org\/{rel}","templated":true}]}}