{"id":94,"date":"2024-06-12T14:38:09","date_gmt":"2024-06-12T14:38:09","guid":{"rendered":"https:\/\/chamaidatabares.com\/?page_id=94"},"modified":"2026-04-03T13:24:29","modified_gmt":"2026-04-03T13:24:29","slug":"biography","status":"publish","type":"page","link":"https:\/\/chamaidatabares.com\/es\/biography\/","title":{"rendered":"Biograf\u00eda"},"content":{"rendered":"<div class=\"wpb-content-wrapper\"><div class=\"vc_row wpb_row vc_row-fluid\"><div class=\"wpb_column vc_column_container vc_col-sm-6\"><div class=\"vc_column-inner\"><div class=\"wpb_wrapper\">\n\t<div  class=\"wpb_single_image wpb_content_element vc_align_left wpb_animate_when_almost_visible wpb_fadeInLeft fadeInLeft\">\n\t\t\n\t\t<figure class=\"wpb_wrapper vc_figure\">\n\t\t\t<div class=\"vc_single_image-wrapper   vc_box_border_grey\"><img loading=\"lazy\" decoding=\"async\" width=\"900\" height=\"601\" src=\"https:\/\/chamaidatabares.com\/wp-content\/uploads\/2024\/12\/chamaida-biography.jpg\" class=\"vc_single_image-img attachment-full\" alt=\"\" title=\"chamaida-biography\" srcset=\"https:\/\/chamaidatabares.com\/wp-content\/uploads\/2024\/12\/chamaida-biography.jpg 900w, https:\/\/chamaidatabares.com\/wp-content\/uploads\/2024\/12\/chamaida-biography-600x401.jpg 600w, https:\/\/chamaidatabares.com\/wp-content\/uploads\/2024\/12\/chamaida-biography-300x200.jpg 300w, https:\/\/chamaidatabares.com\/wp-content\/uploads\/2024\/12\/chamaida-biography-768x513.jpg 768w\" sizes=\"auto, (max-width: 900px) 100vw, 900px\" \/><\/div>\n\t\t<\/figure>\n\t<\/div>\n<\/div><\/div><\/div><div class=\"wpb_column vc_column_container vc_col-sm-6\"><div class=\"vc_column-inner\"><div class=\"wpb_wrapper\">\n\t<div class=\"wpb_text_column wpb_content_element\" >\n\t\t<div class=\"wpb_wrapper\">\n\t\t\t<p>Primero y antes que nada, much\u00edsimas gracias por estar aqu\u00ed, porque desde que empec\u00e9 a trabajar con 14 a\u00f1os de edad como maestra de clases particulares descubr\u00ed el impacto que la educaci\u00f3n puede tener en la vida de las personas. Consecuentemente, por esta y otras razones me decid\u00ed a estudiar Pedagog\u00eda, convirti\u00e9ndose mis estudios de Doctorado en Educaci\u00f3n en mi finalidad primordial para poder adquirir m\u00e1s destrezas, herramientas, y estrategias que me permitiesen incrementar mi  productividad y eficacia, y as\u00ed, adem\u00e1s, poder tener un mayor impacto a mi alrededor, en las sociedades, y en el mundo.<\/p>\n<p>Ahora, por tanto, puedo brindarte mis habilidades y competencias profesionales para mejorar tu vida y la vida de las personas que te rodean, porque creo firmemente que la educaci\u00f3n puede cambiar casi todo. Por ello, a trav\u00e9s de mi p\u00e1gina web te hago llegar los siguientes servicios: consulta educativa, orientaci\u00f3n para estudiantes de educaci\u00f3n superior, consulta para asuntos personales y sociales, desarrollo personal, educaci\u00f3n para la familia, orientaci\u00f3n parental, salud relacional, orden personal y social -dentro de escenarios espec\u00edficos, entornos sociales, y dentro de grupos-, entendimiento relacional personal, e intervenciones educativas. Tambi\u00e9n ofrezco mi experiencia y profesionalidad para la elaboraci\u00f3n, edici\u00f3n, y publicaci\u00f3n de libros, gu\u00edas educativas, e informes de realidad,  investigaci\u00f3n dentro de las ciencias sociales y las humanidades, estudios africanos, y para el dise\u00f1o, desarrollo, y gesti\u00f3n de proyectos, eventos, actividades, seminarios, etc., educativos, sociales, y culturales, a nivel personal, comunitario, o social. Tambi\u00e9n puedes encontrar en esta, mi p\u00e1gina web mis propios y \u00fanicos instrumentos pedag\u00f3gicos y mis libros.<\/p>\n\n\t\t<\/div>\n\t<\/div>\n<\/div><\/div><\/div><\/div><div class=\"vc_row wpb_row vc_row-fluid\"><div class=\"wpb_column vc_column_container vc_col-sm-6\"><div class=\"vc_column-inner\"><div class=\"wpb_wrapper\">\n\t<div class=\"wpb_text_column wpb_content_element\" >\n\t\t<div class=\"wpb_wrapper\">\n\t\t\t<p>Dra. Chamaida In\u00e9s Tabares M\u00e1rquez-Ikjot Kaur, finaliz\u00f3 sus estudios de Doctorado en Educaci\u00f3n con Menci\u00f3n Internacional en el \u00e1mbito de la Cooperaci\u00f3n Internacional y el Desarrollo en la Universidad de La Laguna, y un M\u00e1ster en Gesti\u00f3n de Proyectos en la Universidad de Aberdeen.<\/p>\n<p>Ella tambi\u00e9n ha creado la Pedagog\u00eda para el Orden Personal y Social y es la fundadora y directora del Centro para el Orden Personal y Social<\/p>\n<p>Ella termin\u00f3 sus estudios de Pedagog\u00eda y tambi\u00e9n posee un Diploma de Estudios Avanzados en Sociolog\u00eda, dentro del Programa Doctoral \"Sociedad, Pol\u00edticas, y Cultura\" de la Universidad de La Laguna, un Posgrado en Relaciones Internacionales de la Universidad de Glasgow, y sobre Gesti\u00f3n Internacional y Liderazgo de la Universidad Queen Margaret de Edimburgo.<\/p>\n<p>Ella ha realizado diferentes estancias de investigaci\u00f3n internacionales para sus objetivos acad\u00e9micos y profesionales, las cuales se llevaron a cabo en el el SOAS (La Escuela de Estudios Orientales y Africanos) de la Universidad de Londres, en la Universidad de Cabo Verde, y en la Universidad de Glasgow. Ella tambi\u00e9n ha realizado diferentes publicaciones en Espa\u00f1ol e Ingl\u00e9s.<\/p>\n<p>Tambi\u00e9n, ella ha trabajado toda su vida con personas de todo el mundo y con diferentes necesidades educativas en diferentes escenarios (entornos educativos, servicios sociales, proyectos art\u00edsticos, escuelas, comunidades, instituciones, empresas, etc.)<\/p>\n\n\t\t<\/div>\n\t<\/div>\n<\/div><\/div><\/div><div class=\"wpb_column vc_column_container vc_col-sm-6\"><div class=\"vc_column-inner\"><div class=\"wpb_wrapper\">\n\t<div  class=\"wpb_single_image wpb_content_element vc_align_left wpb_animate_when_almost_visible wpb_fadeInRight fadeInRight\">\n\t\t\n\t\t<figure class=\"wpb_wrapper vc_figure\">\n\t\t\t<div class=\"vc_single_image-wrapper   vc_box_border_grey\"><img loading=\"lazy\" decoding=\"async\" width=\"900\" height=\"643\" src=\"https:\/\/chamaidatabares.com\/wp-content\/uploads\/2024\/12\/chamaida-biography-2.jpg\" class=\"vc_single_image-img attachment-full\" alt=\"\" title=\"chamaida-biography-2\" srcset=\"https:\/\/chamaidatabares.com\/wp-content\/uploads\/2024\/12\/chamaida-biography-2.jpg 900w, https:\/\/chamaidatabares.com\/wp-content\/uploads\/2024\/12\/chamaida-biography-2-600x429.jpg 600w, https:\/\/chamaidatabares.com\/wp-content\/uploads\/2024\/12\/chamaida-biography-2-300x214.jpg 300w, https:\/\/chamaidatabares.com\/wp-content\/uploads\/2024\/12\/chamaida-biography-2-768x549.jpg 768w\" sizes=\"auto, (max-width: 900px) 100vw, 900px\" \/><\/div>\n\t\t<\/figure>\n\t<\/div>\n<\/div><\/div><\/div><\/div><div class=\"vc_row wpb_row vc_row-fluid wpb_animate_when_almost_visible wpb_fadeInUp fadeInUp\"><div class=\"wpb_column vc_column_container vc_col-sm-4\"><div class=\"vc_column-inner\"><div class=\"wpb_wrapper\"><div class=\"basel-button-wrapper text-center\"><a href=\"https:\/\/chamaidatabares.com\/es\/categoria-producto\/books\/\" title=\"\" class=\"btn btn-color-primary btn-style-round btn-size-large\">MIS LIBROS<\/a><\/div><div class=\"vc_empty_space\"   style=\"height: 32px\"><span class=\"vc_empty_space_inner\"><\/span><\/div><\/div><\/div><\/div><div class=\"wpb_column vc_column_container vc_col-sm-4\"><div class=\"vc_column-inner\"><div class=\"wpb_wrapper\"><div class=\"basel-button-wrapper text-center\"><a href=\"https:\/\/chamaidatabares.com\/es\/book-appointment\/\" title=\"\" class=\"btn btn-color-primary btn-style-round btn-size-large\">RESERVA UNA CONSULTA CONMIGO<\/a><\/div><div class=\"vc_empty_space\"   style=\"height: 32px\"><span class=\"vc_empty_space_inner\"><\/span><\/div><\/div><\/div><\/div><div class=\"wpb_column vc_column_container vc_col-sm-4\"><div class=\"vc_column-inner\"><div class=\"wpb_wrapper\"><div class=\"basel-button-wrapper text-center\"><a href=\"https:\/\/chamaidatabares.com\/es\/contacts\/\" title=\"\" class=\"btn btn-color-primary btn-style-round btn-size-large\">CONTACTO<\/a><\/div><div class=\"vc_empty_space\"   style=\"height: 32px\"><span class=\"vc_empty_space_inner\"><\/span><\/div><\/div><\/div><\/div><\/div>\n<\/div>","protected":false},"excerpt":{"rendered":"First of all, thank you very much for being here. Because since I started working as a private tutor at","protected":false},"author":1,"featured_media":0,"parent":0,"menu_order":0,"comment_status":"closed","ping_status":"closed","template":"","meta":{"footnotes":""},"class_list":["post-94","page","type-page","status-publish","hentry"],"_links":{"self":[{"href":"https:\/\/chamaidatabares.com\/es\/wp-json\/wp\/v2\/pages\/94","targetHints":{"allow":["GET"]}}],"collection":[{"href":"https:\/\/chamaidatabares.com\/es\/wp-json\/wp\/v2\/pages"}],"about":[{"href":"https:\/\/chamaidatabares.com\/es\/wp-json\/wp\/v2\/types\/page"}],"author":[{"embeddable":true,"href":"https:\/\/chamaidatabares.com\/es\/wp-json\/wp\/v2\/users\/1"}],"replies":[{"embeddable":true,"href":"https:\/\/chamaidatabares.com\/es\/wp-json\/wp\/v2\/comments?post=94"}],"version-history":[{"count":33,"href":"https:\/\/chamaidatabares.com\/es\/wp-json\/wp\/v2\/pages\/94\/revisions"}],"predecessor-version":[{"id":303,"href":"https:\/\/chamaidatabares.com\/es\/wp-json\/wp\/v2\/pages\/94\/revisions\/303"}],"wp:attachment":[{"href":"https:\/\/chamaidatabares.com\/es\/wp-json\/wp\/v2\/media?parent=94"}],"curies":[{"name":"wp","href":"https:\/\/api.w.org\/{rel}","templated":true}]}}