{"id":146,"date":"2024-09-11T14:51:15","date_gmt":"2024-09-11T14:51:15","guid":{"rendered":"https:\/\/chamaidatabares.com\/?page_id=146"},"modified":"2025-03-19T13:59:53","modified_gmt":"2025-03-19T13:59:53","slug":"privacy-policy","status":"publish","type":"page","link":"https:\/\/chamaidatabares.com\/es\/privacy-policy\/","title":{"rendered":"Pol\u00edtica de privacidad"},"content":{"rendered":"<div class=\"wpb-content-wrapper\"><div class=\"vc_row wpb_row vc_row-fluid\"><div class=\"wpb_column vc_column_container vc_col-sm-12\"><div class=\"vc_column-inner vc_custom_1726065762734\"><div class=\"wpb_wrapper\">\n\t<div class=\"wpb_text_column wpb_content_element\" >\n\t\t<div class=\"wpb_wrapper\">\n\t\t\t<p><strong>Pol\u00edtica de privacidad<\/strong><\/p>\n<p>Chamaida Tabares (Dra. Tabares \u2013 Ikjot Kaur), se compromete a respetar su privacidad y a cumplir con las leyes de privacidad y protecci\u00f3n de datos aplicables.<\/p>\n<p>Puede examinar nuestro sitio web sin revelar ninguna informaci\u00f3n de identificaci\u00f3n personal sobre usted (tenga en cuenta que podemos utilizar cookies y recopilar otra informaci\u00f3n de identificaci\u00f3n no personal sobre su actividad de navegaci\u00f3n).<\/p>\n<p>Si env\u00eda informaci\u00f3n personal al solicitar productos, servicios, o al registrarse para un evento o completar un formulario de registro para la web, por ejemplo, puede estar seguro de que usaremos su informaci\u00f3n personal solo para respaldar su relaci\u00f3n profesional continua con Chamaida Tabares (Dra. Tabares \u2013 Ikjot Kaur).<\/p>\n<p>Esta Declaraci\u00f3n de Pol\u00edtica de Privacidad se le proporciona para ayudarle a comprender c\u00f3mo recopilamos, utilizamos y protegemos su informaci\u00f3n cuando visita nuestros sitios web y cuando utiliza en general nuestros productos y servicios.<\/p>\n<p>Deseamos ayudarlo a tomar decisiones informadas, as\u00ed que t\u00f3mese unos minutos para leer las secciones que se presentan a continuaci\u00f3n y aprender c\u00f3mo podemos usar su informaci\u00f3n personal.<\/p>\n<p><strong>Recopilaci\u00f3n de informaci\u00f3n personal<\/strong><\/p>\n<p>Nos esforzamos por recopilar y utilizar su informaci\u00f3n personal solo con su conocimiento y consentimiento y, por lo general, cuando solicita y posteriormente utiliza productos y servicios, realiza consultas como cliente, se registra para obtener informaci\u00f3n u otros servicios, solicita informaci\u00f3n de productos, env\u00eda una solicitud de empleo o cuando responde a nuestras comunicaciones (como cuestionarios o encuestas).<\/p>\n<p>El tipo de informaci\u00f3n personal que podremos recopilar podr\u00eda incluir, por ejemplo, su nombre y direcci\u00f3n postal, fecha de nacimiento, n\u00famero de tel\u00e9fono, direcci\u00f3n de correo electr\u00f3nico e informaci\u00f3n de su tarjeta de cr\u00e9dito\/d\u00e9bito; y estilo de vida y otra informaci\u00f3n personal recopilada al registrarse, mediante el uso de los servicios prestados y encuestas.<\/p>\n<p>Si decide proporcionarnos informaci\u00f3n personal, se utilizar\u00e1 para respaldar los fines previstos establecidos en el momento en que se recopil\u00f3 y sujeto a las preferencias indicadas por usted.<\/p>\n<p class=\"translation-block\">Informaci\u00f3n de identificaci\u00f3n no personal: Tambi\u00e9n podremos recopilar informaci\u00f3n de identificaci\u00f3n no personal sobre su visita a nuestros sitios web en funci\u00f3n de sus actividades de navegaci\u00f3n.\nEsta informaci\u00f3n puede incluir las p\u00e1ginas que navega y los productos y servicios vistos o solicitados, por ejemplo. Esto nos ayuda a gestionar y desarrollar mejor nuestros sitios, a brindarle una experiencia y un servicio m\u00e1s agradable y personalizado en el futuro, y a ayudarnos a desarrollar y ofrecer mejores productos y servicios adaptados a sus intereses y necesidades individuales. \nDe vez en cuando, si usted dio su consentimiento, tambi\u00e9n podremos almacenar y utilizar su informaci\u00f3n para comunicarnos con usted con fines de investigaci\u00f3n de mercado y marketing. Podremos comunicarnos con usted por correo electr\u00f3nico, tel\u00e9fono, SMS o correo postal.<\/p>\n<p class=\"translation-block\">\u00bfC\u00f3mo haremos uso de su informaci\u00f3n?: Podremos utilizar su informaci\u00f3n para diversos fines que incluyen: procesar sus pedidos y gestionar y administrar su cuenta; entregar cualquier servicio, producto o informaci\u00f3n solicitada por usted; responder a quejas o consultas de cuentas; administrar recuperaciones de deudas; verificar su identidad cuando sea necesario (puede perder su contrase\u00f1a o informaci\u00f3n de seguridad, por ejemplo, y es posible que entonces tengamos que solicitarle otra informaci\u00f3n \"identificable\" para proteger sus datos del acceso no autorizado).\nTambi\u00e9n podremos realizar an\u00e1lisis de mercado y productos, basados en su uso de nuestros servicios y productos y contactarlo con informaci\u00f3n sobre nuevos desarrollos, productos, servicios y ofertas especiales por tel\u00e9fono y medios automatizados como mensajes de texto por m\u00f3viles (SMS), correo electr\u00f3nico e Internet (los cuales estar\u00e1n sujeto a las preferencias expresadas por usted).\nSi ha dado su consentimiento para recibir detalles de productos y servicios, puede comunicarse con nosotros en cualquier momento para eliminar sus datos de las listas que utilizamos para cualquiera o todos de esos fines, o de las listas mantenidas por nuestra divisi\u00f3n de ventas. Para actualizar su informaci\u00f3n o decirnos c\u00f3mo le gustar\u00eda recibir informaci\u00f3n sobre nuestros productos y servicios, la elecci\u00f3n es suya.\nPara actualizar sus preferencias de marketing, env\u00ede un correo electr\u00f3nico a drtabares-ikjotkaur@yahoo.com e indique su nombre completo en el cuerpo del correo electr\u00f3nico y d\u00edganos qu\u00e9 desea que hagamos (es decir, \"optar por no recibir correo electr\u00f3nico\", \"optar por no recibir SMS\", etc., o si anteriormente se ha opuesto a recibir informaci\u00f3n por correo electr\u00f3nico, por ejemplo, pero ahora le gustar\u00eda cambiar y recibir informaci\u00f3n de esta manera, simplemente diga \"optar por correo electronico\" en el encabezado del asunto de su correo electr\u00f3nico).<\/p>\n<p><strong>\u00bfSer\u00e1 mi informaci\u00f3n personal proporcionada a terceros?<\/strong> Solo podremos divulgar informaci\u00f3n sobre usted y detalles de contacto en caso de que nos sometamos a una reorganizaci\u00f3n, o en caso de que un tercero est\u00e9 involucrado, en cuyo caso usted acepta que cualquier informaci\u00f3n personal que tengamos sobre usted pueda transferirse a esa entidad reorganizada o a un tercero para los fines sujetos a los t\u00e9rminos de esta Declaraci\u00f3n de Pol\u00edtica de Privacidad.<\/p>\n<p>Tenga en cuenta que Chamaida Tabares (Dr. Tabares \u2013 Ikjot Kaur) no vende ni pasa su informaci\u00f3n personal a terceros (excepto en las condiciones establecidas en el p\u00e1rrafo anterior), a menos que nos haya dado permiso o a menos que sea estrictamente necesario para entregar los productos y servicios solicitados o utilizados por usted y se le notifique de antemano.<\/p>\n<p>Por ejemplo, podremos proveer sus datos a una compa\u00f1\u00eda de tarjetas de cr\u00e9dito para validar los datos de su tarjeta de cr\u00e9dito y obtener el pago cuando compra un curso u otro producto o servicio.<\/p>\n<p>Chamaida Tabares (Dr. Tabares \u2013 Ikjot Kaur), tambi\u00e9n podr\u00e1 verse obligada a revelar su informaci\u00f3n personal para cumplir con cualquier requisito legal o reglamentario (por ejemplo, para cumplir con una orden judicial) u obligaciones de acuerdo con la ley aplicable.<\/p>\n<p><strong>Redes sociales, blogs y rese\u00f1as:<\/strong> Cualquier publicaci\u00f3n o comentario que nos env\u00ede en las redes sociales (como en las p\u00e1ginas de Chamaida Tabares, o Dr. Tabares \u2013 Ikjot Kaur o p\u00e1ginas asociadas, por ejemplo) se compartir\u00e1n seg\u00fan los t\u00e9rminos escritos, y quiz\u00e1s hechos p\u00fablicos, de esas plataformas correspondientes a las redes sociales (por ejemplo, Facebook\/Instagram\/YouTube).<\/p>\n<p>Otras personas, no Chamaida Tabares (Dr. Tabares \u2013 Ikjot Kaur), controlan esas plataformas. No somos responsables de este tipo de intercambio. Por tanto, le recomendamos que revise los t\u00e9rminos y las condiciones de las pol\u00edticas de privacidad de las plataformas de redes sociales que utiliza. De esa manera, comprender\u00e1 c\u00f3mo utilizar\u00e1n su informaci\u00f3n, qu\u00e9 informaci\u00f3n relacionada con usted colocar\u00e1n en el dominio p\u00fablico, y c\u00f3mo puede evitar que lo hagan si no est\u00e1 satisfecho con ello.<\/p>\n<p>Cualquier blog, rese\u00f1a u otras publicaciones o comentarios que realice sobre Chamaida Tabares (Dr. Tabares \u2013 Ikjot Kaur), nuestros productos y servicios, en cualquiera de nuestros blogs, rese\u00f1as o servicios de la comunidad de usuarios, se compartir\u00e1n con todos los dem\u00e1s miembros de ese servicio y el p\u00fablico en general.<br \/>\nCualquier comentario que se realice en estos servicios y en las redes sociales en general no debe ser ofensivo, insultante o difamatorio. Usted es responsable de garantizar que cualquier comentario que realice cumpla con las pol\u00edticas relevantes sobre el uso aceptable de dichos servicios.<\/p>\n<p><strong>\u00bfDurante cu\u00e1nto tiempo se almacena su informaci\u00f3n?<\/strong> Para asegurarnos de que cumplimos con nuestras obligaciones legales de privacidad y protecci\u00f3n de datos, Chamaida Tabares (Dra. Tabares \u2013 Ikjot Kaur) solo conserva su informaci\u00f3n durante el tiempo que realmente sea necesario para los fines para los que se proporcion\u00f3 en primer lugar.<\/p>\n<p>En la mayor\u00eda de los casos, esto significa que conservaremos su informaci\u00f3n mientras contin\u00fae usando los productos y servicios de Chamaida Tabares (Dr Tabares \u2013 Ikjot Kaur), habiendo expresado inter\u00e9s en ellos, y durante un per\u00edodo de tiempo razonable despu\u00e9s si deja de hacerlo, para comercializarle los productos o servicios de Chamaida Tabares (Dr. Tabares \u2013 Ikjot Kaur) para averiguar si puede necesitarlos nuevamente. Despu\u00e9s de eso, su informaci\u00f3n se eliminar\u00e1 y estar\u00e1 fuera de donde legalmente pueda conservarse, excepto si alg\u00fan dato es necesario, por razones legales o de auditor\u00eda.<\/p>\n<p>Conservaremos los datos en nuestra base de datos de prospectos durante no m\u00e1s de 3 a\u00f1os desde su recepci\u00f3n, sujeto al derecho de un individuo a cancelar la suscripci\u00f3n o ser olvidado en cualquier momento.<\/p>\n<p class=\"translation-block\">Acceso a su informaci\u00f3n: Puede escribirnos en cualquier momento para obtener detalles de la informaci\u00f3n personal que podemos tener sobre usted. Escriba a: drtabares_ikjotkaur@yahoo.com, o a: Chamaida Tabares 38 Montgarrie Street, Glasgow G51 4JL.<\/p>\n<p>Indique su nombre y direcci\u00f3n junto con su tel\u00e9fono m\u00f3vil y\/o direcci\u00f3n de correo electr\u00f3nico (si corresponde). Ser\u00eda \u00fatil y agradecido, si tambi\u00e9n pudiera proporcionar breves detalles de la informaci\u00f3n de la que desea una copia (lo que ayuda a localizar m\u00e1s f\u00e1cilmente sus datos).<\/p>\n<p>Tomaremos todas las medidas razonables para confirmar su identidad antes de proporcionarle detalles de cualquier informaci\u00f3n personal que podamos tener sobre usted.<\/p>\n<p><strong>Seguridad de la informaci\u00f3n:<\/strong> Chamaida Tabares (Dra. Tabares \u2013 Ikjot Kaur), reconoce que sus clientes est\u00e1n cada vez m\u00e1s preocupados por c\u00f3mo las empresas protegen la informaci\u00f3n personal del mal uso y abuso, y por la privacidad en general.<\/p>\n<p>Chamaida Tabares (Dra. Tabares \u2013 Ikjot Kaur), revisa y mejora constantemente sus procedimientos y reglas t\u00e9cnicas, f\u00edsicas y de gesti\u00f3n para proteger los datos personales de sus clientes del acceso no autorizado, p\u00e9rdida accidental y\/o destrucci\u00f3n. Utilizamos bases de datos protegidas con contrase\u00f1a y todos los formularios f\u00edsicos se almacenan de forma segura y luego se destruyen inmediatamente despu\u00e9s de su uso\/actualizaci\u00f3n en la base de datos.<\/p>\n<p>Tenga en cuenta que las comunicaciones a trav\u00e9s de Internet, como los correos electr\u00f3nicos\/webmails, no son seguras a menos que hayan sido cifradas. Sus comunicaciones pueden pasar por varios pa\u00edses antes de ser entregadas; esta es la naturaleza de la World Wide Web\/Internet. Chamaida Tabares (Dr. Tabares \u2013 Ikjot Kaur), no puede aceptar responsabilidad por ning\u00fan acceso no autorizado o p\u00e9rdida de informaci\u00f3n personal que est\u00e9 fuera de nuestro control.<\/p>\n<p><strong>Refuerzo a la privacidad:<\/strong> Chamaida Tabares (Dr. Tabares \u2013 Ikjot Kaur), se reserva el derecho de enmendar o modificar esta Declaraci\u00f3n de Pol\u00edtica de Privacidad en cualquier momento y en respuesta a cambios en la legislaci\u00f3n aplicable sobre la privacidad y la protecci\u00f3n de datos.<\/p>\n<p>Si se va a cambiar nuestra Pol\u00edtica de Privacidad, publicaremos los cambios en nuestro sitio web para que sepa qu\u00e9 informaci\u00f3n recopilamos y c\u00f3mo la usamos. Si en alg\u00fan momento decidimos utilizar informaci\u00f3n de identificaci\u00f3n personal de una manera diferente a la indicada en el momento en que se recopil\u00f3, se lo informaremos.<\/p>\n<p>De esta forma, tendr\u00e1 la opci\u00f3n de elegir si podemos o no utilizar su informaci\u00f3n de esta manera diferente.<\/p>\n<p>Si tiene alguna consulta sobre la pol\u00edtica o pr\u00e1cticas de privacidad de Chamaida Tabares (Dr Tabares \u2013 Ikjot Kaur), escriba a: Chamaida Tabares (Dr Tabares \u2013 Ikjot Kaur) en 38 Montgarrie Street, Glasgow, G51 4JL, o env\u00ede un correo electr\u00f3nico a: drtabares_ikjotkaur@yahoo.com. <a href=\"mailto:drtabares_ikjotkaur@yahoo.com\">drtabares_ikjotkaur@yahoo.com<\/a>).<\/p>\n\n\t\t<\/div>\n\t<\/div>\n<\/div><\/div><\/div><\/div>\n<\/div>","protected":false},"excerpt":{"rendered":"Privacy Policy Chamaida Tabares (Dr Tabares \u2013 Ikjot Kaur), is committed to respecting your privacy and to complying with applicable","protected":false},"author":1,"featured_media":0,"parent":0,"menu_order":0,"comment_status":"closed","ping_status":"closed","template":"","meta":{"footnotes":""},"class_list":["post-146","page","type-page","status-publish","hentry"],"_links":{"self":[{"href":"https:\/\/chamaidatabares.com\/es\/wp-json\/wp\/v2\/pages\/146","targetHints":{"allow":["GET"]}}],"collection":[{"href":"https:\/\/chamaidatabares.com\/es\/wp-json\/wp\/v2\/pages"}],"about":[{"href":"https:\/\/chamaidatabares.com\/es\/wp-json\/wp\/v2\/types\/page"}],"author":[{"embeddable":true,"href":"https:\/\/chamaidatabares.com\/es\/wp-json\/wp\/v2\/users\/1"}],"replies":[{"embeddable":true,"href":"https:\/\/chamaidatabares.com\/es\/wp-json\/wp\/v2\/comments?post=146"}],"version-history":[{"count":3,"href":"https:\/\/chamaidatabares.com\/es\/wp-json\/wp\/v2\/pages\/146\/revisions"}],"predecessor-version":[{"id":212,"href":"https:\/\/chamaidatabares.com\/es\/wp-json\/wp\/v2\/pages\/146\/revisions\/212"}],"wp:attachment":[{"href":"https:\/\/chamaidatabares.com\/es\/wp-json\/wp\/v2\/media?parent=146"}],"curies":[{"name":"wp","href":"https:\/\/api.w.org\/{rel}","templated":true}]}}