{"id":143,"date":"2024-09-11T14:42:42","date_gmt":"2024-09-11T14:42:42","guid":{"rendered":"https:\/\/chamaidatabares.com\/?page_id=143"},"modified":"2025-03-19T13:31:32","modified_gmt":"2025-03-19T13:31:32","slug":"temrs-conditions","status":"publish","type":"page","link":"https:\/\/chamaidatabares.com\/es\/temrs-conditions\/","title":{"rendered":"T\u00e9rminos y condiciones"},"content":{"rendered":"<div class=\"wpb-content-wrapper\"><div class=\"vc_row wpb_row vc_row-fluid\"><div class=\"wpb_column vc_column_container vc_col-sm-12\"><div class=\"vc_column-inner vc_custom_1726065762734\"><div class=\"wpb_wrapper\">\n\t<div class=\"wpb_text_column wpb_content_element\" >\n\t\t<div class=\"wpb_wrapper\">\n\t\t\t<p><strong>Condiciones y t\u00e9rminos de uso<\/strong><\/p>\n<p>Su acceso y uso de los Servicios est\u00e1 condicionado por su aceptaci\u00f3n y cumplimiento de estos T\u00e9rminos.<\/p>\n<p>Estos T\u00e9rminos se aplican a todos los visitantes, usuarios y otras personas que deseen acceder o utilizar los Servicios.<\/p>\n<p>Al acceder o utilizar los Servicios, usted acepta estar sujeto a estos T\u00e9rminos. Si no est\u00e1 de acuerdo con alguna parte de los T\u00e9rminos, entonces no tiene permiso para acceder a los Servicios.<\/p>\n<p>Dr. Chamaida Tabares \u2013 Ikjot Kaur (tambi\u00e9n conocido como el \u201cProveedor\u201d) informa a todos los usuarios del sitio web sobre las condiciones de uso.<\/p>\n<p>Cualquier persona que acceda a este sitio web asume el papel de \u201cUsuario\u201d, comprometi\u00e9ndose a la estricta observancia y cumplimiento de las disposiciones aqu\u00ed dispuestas, as\u00ed como a cualquier otra disposici\u00f3n legal que fuera de aplicaci\u00f3n necesaria.<\/p>\n<p>&nbsp;<\/p>\n<p><strong>CONDICIONES DE ACCESO Y USO DEL SITIO WEB<\/strong><\/p>\n<p><strong>Car\u00e1cter gratuito de acceso y utilizaci\u00f3n del sitio web. <\/strong><\/p>\n<p>La prestaci\u00f3n de los servicios del sitio web tiene car\u00e1cter gratuito para todos los usuarios. No obstante, algunos de los servicios prestados a trav\u00e9s del Sitio Web pueden estar sujetos al pago de un precio espec\u00edfico que se fija en el sitio web y se presta a trav\u00e9s del tel\u00e9fono o correo electr\u00f3nico de contacto indicado.<\/p>\n<p><strong>Veracidad de la informaci\u00f3n.<\/strong><\/p>\n<p>Toda la informaci\u00f3n facilitada por el usuario deber\u00e1 ser cierta. A estos efectos, el Usuario garantiza la autenticidad de los datos que comunica a trav\u00e9s de los servicios, y de los formularios de solicitud de informaci\u00f3n o de visitas.<\/p>\n<p>Ser\u00e1 responsabilidad del Usuario mantener toda la informaci\u00f3n facilitada de manera permanentemente actualizada para que responda, en cada momento, a su situaci\u00f3n real. En cualquier caso, el Usuario ser\u00e1 el \u00fanico responsable de las manifestaciones falsas o inexactas que realice y de los perjuicios que cause al proveedor o a terceros.<\/p>\n<p><strong>Obligaci\u00f3n de hacer un uso correcto del sitio web. <\/strong><\/p>\n<p>El Usuario se obliga a utilizar el Sitio Web de conformidad con la Ley y el presente Aviso Legal, as\u00ed como con la moral y las buenas costumbres. A tal efecto, el Usuario se abstendr\u00e1 de utilizar la p\u00e1gina con fines il\u00edcitos o prohibidos, lesivos de los derechos e intereses de terceros, o de cualquier forma que puedan da\u00f1ar, inutilizar, sobrecargar, deteriorar o impedir la normal utilizaci\u00f3n de los equipos inform\u00e1ticos o de los documentos, archivos y toda clase de contenidos almacenados en cualquier equipo inform\u00e1tico del Proveedor. En particular, y a t\u00edtulo indicativo, el Usuario se compromete a no transmitir, difundir o poner a disposici\u00f3n de terceros informaci\u00f3n, datos, contenidos, mensajes, gr\u00e1ficos, dibujos, archivos de sonido o imagen, fotograf\u00edas, grabaciones, software y, en general, cualquier clase de material que:<\/p>\n<p>(a) sea contrario, menosprecie o vulnere los derechos fundamentales y las libertades p\u00fablicas reconocidas constitucionalmente, en tratados internacionales y dem\u00e1s normas vigentes.<\/p>\n<p>(b) induzca, incite o promueva actuaciones delictivas, denigrantes, difamatorias, violentas o, en general, contrarias a la ley, la moral y el orden p\u00fablico.<\/p>\n<p>(c) induzca, incite o promueva actuaciones, actitudes o pensamientos discriminatorios por raz\u00f3n de sexo, raza, religi\u00f3n, creencias, edad o condici\u00f3n.<\/p>\n<p>(d) sea contrario al derecho al honor, a la intimidad personal o familiar o a la propia imagen.<\/p>\n<p>(e) de cualquier forma perjudique la credibilidad del proveedor o de terceros.<\/p>\n<p>(f) constituya publicidad ilegal, enga\u00f1osa o desleal.<\/p>\n<p>&nbsp;<\/p>\n<p><strong>Exclusi\u00f3n de garant\u00edas y responsabilidad <\/strong><\/p>\n<p>El Proveedor se exime de cualquier tipo de responsabilidad derivada de la informaci\u00f3n publicada en nuestro sitio web, en cualquier caso, que esta informaci\u00f3n haya sido manipulada o introducida por un tercero ajeno. Este sitio web ha sido revisado y probado para garantizar que funciona correctamente. En principio se puede garantizar el correcto funcionamiento los 365 d\u00edas del a\u00f1o, las 24 horas del d\u00eda. No obstante, el Proveedor no descarta la posibilidad de que puedan producirse determinados errores de programaci\u00f3n, o causas de fuerza mayor, como cat\u00e1strofes naturales, huelgas o circunstancias similares, que hagan imposible el acceso al sitio web. El Proveedor no otorga ninguna garant\u00eda ni se hace responsable, en ning\u00fan caso, de los da\u00f1os y perjuicios de cualquier naturaleza que pudieran derivarse de la falta de disponibilidad, mantenimiento y efectivo funcionamiento del sitio web o de sus servicios y contenidos; de la existencia de virus, programas maliciosos o lesivos en los contenidos; de uso il\u00edcito, negligente, fraudulento o contrario al presente Aviso Legal y T\u00e9rminos y Condiciones de uso; o la falta de licitud, calidad, fiabilidad, utilidad y disponibilidad de los servicios prestados por terceros y gestos puestos a disposici\u00f3n de los usuarios en el sitio web. El Proveedor no se hace responsable en ning\u00fan caso de los da\u00f1os que pudieran derivarse del uso ilegal o inadecuado de este sitio web.<\/p>\n<p><strong>\u00a0<\/strong><\/p>\n<p><strong>Cookies <\/strong><\/p>\n<p>El sitio web puede utilizar cookies (peque\u00f1os archivos de informaci\u00f3n que el servidor env\u00eda al ordenador de quien accede a la p\u00e1gina) para llevar a cabo determinadas funciones que son consideradas imprescindibles para el correcto funcionamiento y visualizaci\u00f3n del sitio web. Las cookies utilizadas tienen, en todo caso, car\u00e1cter temporal, con la \u00fanica finalidad de hacer m\u00e1s eficaz la navegaci\u00f3n, y desaparecen al finalizar la sesi\u00f3n del Usuario. En ning\u00fan caso se utilizar\u00e1n cookies para recoger informaci\u00f3n personal. Para m\u00e1s informaci\u00f3n, consulte nuestra Pol\u00edtica de Cookies.<\/p>\n<p><strong>\u00a0<\/strong><\/p>\n<p><strong>Enlaces a otros sitios web<\/strong><\/p>\n<p>Nuestro Servicio puede contener enlaces a sitios web o servicios de terceros que no son propiedad ni est\u00e1n controlados por Chamaida Tabares (Dr. Tabares \u2013 Ikjot Kaur).<\/p>\n<p>El proveedor no tiene control ni asume ninguna responsabilidad por el contenido, las pol\u00edticas de privacidad, o las pr\u00e1cticas de los sitios web o servicios de terceros. No garantizamos las ofertas de ninguna de estas entidades\/individuos, ni de sus sitios web.<\/p>\n<p>&nbsp;<\/p>\n<p>Usted reconoce y acepta que el proveedor no ser\u00e1 responsable, directa o indirectamente, de ning\u00fan da\u00f1o o p\u00e9rdida causada o presuntamente causada por la conexi\u00f3n con el uso o la confianza en dicho contenido, bienes o servicios disponibles en, o a trav\u00e9s de dichos sitios web, o servicios de terceros.<\/p>\n<p>Le recomendamos encarecidamente que lea los t\u00e9rminos y condiciones y las pol\u00edticas de privacidad de los sitios web o servicios de terceros que utilice y visite.<\/p>\n<p>Desde el sitio web es posible que seas redirigido a contenidos de sitios web de terceros. Debido a que desde el Sitio Web no siempre podemos controlar los contenidos introducidos por terceros, el Proveedor no asume ning\u00fan tipo de responsabilidad respecto a dichos contenidos. En todo caso, cualquier contenido que pudiera contravenir la legislaci\u00f3n nacional o internacional, la moral o el orden p\u00fablico ser\u00e1 inmediatamente eliminado, procediendo a la retirada inmediata de la redirecci\u00f3n a estos sitios web, e informando a las autoridades competentes del contenido de que se trate.<\/p>\n<p>El Proveedor no se hace responsable de la informaci\u00f3n y contenidos almacenados, a t\u00edtulo enunciativo, pero no limitativo, en foros, chats, generadores de blogs, comentarios, redes sociales o cualquier otro medio que permita a terceros publicar contenidos de forma independiente a la p\u00e1gina web del Proveedor. No obstante, cuando sea necesario, se pondr\u00e1 a disposici\u00f3n de todos los usuarios, autoridades y fuerzas de seguridad el bloqueo de todos los contenidos que puedan afectar o contravenir la legislaci\u00f3n nacional o internacional, los derechos de terceros, la moral y el orden p\u00fablico.<\/p>\n<p><strong>\u00a0<\/strong><\/p>\n<p><strong>Protecci\u00f3n de datos personales<\/strong><\/p>\n<p>El Proveedor est\u00e1 profundamente comprometido con el cumplimiento de la normativa de protecci\u00f3n de datos personales y garantiza el cumplimiento \u00edntegro de las obligaciones establecidas, as\u00ed como la implementaci\u00f3n de las medidas de seguridad previstas en la legislaci\u00f3n nacional e internacional de datos. Para obtener m\u00e1s informaci\u00f3n, consulte nuestra Pol\u00edtica de Privacidad.<\/p>\n<p>&nbsp;<\/p>\n<p><strong>Ley aplicable y jurisdicci\u00f3n <\/strong><\/p>\n<p>Para la resoluci\u00f3n de controversias o cuestiones relacionadas con este sitio web o las actividades realizadas en \u00e9l, ser\u00e1 de aplicaci\u00f3n la legislaci\u00f3n del Reino Unido, a la que las partes se someten expresamente.<\/p>\n<p><strong>\u00a0<\/strong><\/p>\n<p><strong>COMPRAS<\/strong><\/p>\n<p>Si desea adquirir cualquier producto o servicio disponible a trav\u00e9s del Servicio (\u201cCompra\u201d), es posible que se le solicite que proporcione cierta informaci\u00f3n relevante para su Compra, incluido, entre otros, su n\u00famero de tarjeta de cr\u00e9dito o d\u00e9bito, la fecha de vencimiento de su tarjeta de cr\u00e9dito o d\u00e9bito, su direcci\u00f3n de facturaci\u00f3n y su informaci\u00f3n de env\u00edo.<\/p>\n<p>Usted declara y garantiza que: (i) tiene el derecho legal de utilizar cualquier tarjeta de cr\u00e9dito o d\u00e9bito u otro m\u00e9todo de pago en relaci\u00f3n con cualquier Compra; y que (ii) la informaci\u00f3n que nos proporciona es verdadera, correcta y completa.<\/p>\n<p>El servicio puede emplear el uso de servicios de terceros con el fin de facilitar el pago y la finalizaci\u00f3n de las compras. Al enviar su informaci\u00f3n, nos otorga el derecho de proporcionar la informaci\u00f3n a estos terceros sujetos a nuestra Pol\u00edtica de Privacidad.<\/p>\n<p>Nos reservamos el derecho de rechazar o cancelar su pedido en cualquier momento por motivos que incluyen, entre otros: disponibilidad del producto o servicio, errores en la descripci\u00f3n o precio del producto o servicio, error en su pedido u otros motivos.<\/p>\n<p>Nos reservamos el derecho de rechazar o cancelar su pedido si se sospecha de fraude o de una transacci\u00f3n no autorizada o ilegal.<\/p>\n<p>Una vez aprobada su compra, procesaremos su pedido. Los pedidos normalmente se procesan en una (1) hora, pero pueden tardar hasta veinticuatro (24) horas en completarse. Una vez que su pedido haya sido procesado, le enviaremos un correo electr\u00f3nico de confirmaci\u00f3n utilizando la direcci\u00f3n de correo electr\u00f3nico que proporcion\u00f3 en nuestro formulario de pedido.<\/p>\n<p>Este correo electr\u00f3nico servir\u00e1 como su recibo de compra electr\u00f3nico y contendr\u00e1 la informaci\u00f3n que necesita sobre su compra.<\/p>\n<p>Nuestros productos tangibles actualmente se entregan por correo postal.<\/p>\n<p><strong>\u00a0<\/strong><\/p>\n<p><strong>Pol\u00edtica de reembolso (bienes tangibles)<\/strong><\/p>\n<p>Respaldamos nuestros productos y su satisfacci\u00f3n con ellos es importante para nosotros.<\/p>\n<p>Las solicitudes de reembolso realizadas despu\u00e9s de haber comprado uno de nuestros productos f\u00edsicos se manejan caso por caso y se emiten a nuestro exclusivo criterio.<\/p>\n<p>Las solicitudes de reembolso, si las hubiera, deben realizarse dentro de los treinta (30) d\u00edas posteriores a su compra original.<\/p>\n<p>&nbsp;<\/p>\n<p><strong>Disponibilidad, errores e imprecisiones<\/strong><\/p>\n<p>Como ocurre a veces en la actualizaci\u00f3n de los productos y servicios ofrecidos, es posible que Chamaida Tabares (Dr. Tabares \u2013 Ikjot Kaur) experimente retrasos en la actualizaci\u00f3n de la informaci\u00f3n sobre los productos y servicios y en nuestra publicidad en otros sitios web. En consecuencia, la informaci\u00f3n encontrada sobre los productos y servicios puede contener errores o inexactitudes y puede no ser completa o actual. Adem\u00e1s, los productos o servicios pueden tener precios incorrectos, describirse de manera inexacta o no estar disponibles y Chamaida Tabares (Dr. Tabares \u2013 Ikjot Kaur) no puede garantizar la exactitud o integridad de la informaci\u00f3n sobre los productos y servicios.<\/p>\n<p>Por lo tanto, Chamaida Tabares (Dr. Tabares \u2013 Ikjot Kaur), se reserva el derecho de cambiar o actualizar la informaci\u00f3n y corregir errores, inexactitudes u omisiones en cualquier momento sin previo aviso.<\/p>\n<p>&nbsp;<\/p>\n<p><strong>Servicios<\/strong><\/p>\n<p>Cuando compras un servicio con Chamaida Tabares (Dr. Tabares \u2013 Ikjot Kaur), garantizas que eres mayor de 18 a\u00f1os y que la informaci\u00f3n que nos proporcionas es precisa, completa y actualizada en todo momento. La informaci\u00f3n inexacta, incompleta u obsoleta puede resultar en la cancelaci\u00f3n inmediata de su cuenta con y para el Servicio.<\/p>\n<p>Usted es responsable de mantener la confidencialidad de su cuenta y contrase\u00f1a proporcionada, incluida, entre otras, la restricci\u00f3n de acceso a su computadora y\/o cuenta. Usted acepta aceptar la responsabilidad de todas y cada una de las actividades o acciones que ocurran con su cuenta y\/o contrase\u00f1a, ya sea que su contrase\u00f1a sea de nuestro Servicio o de un servicio de terceros. Debe notificarnos inmediatamente al tener conocimiento de cualquier violaci\u00f3n de seguridad o uso no autorizado de su cuenta y contrase\u00f1a.<\/p>\n<p>&nbsp;<\/p>\n<p>Por tanto, nos reservamos el derecho de rechazar el servicio, cancelar cuentas, eliminar o editar contenido, o cancelar pedidos, en referencia a nuestro exclusivo criterio.<\/p>\n<p>&nbsp;<\/p>\n<p><strong>Propiedad Intelectual e Industrial<\/strong><\/p>\n<p>El sitio web, incluyendo a t\u00edtulo enunciativo, pero no limitativo a la programaci\u00f3n, edici\u00f3n, compilaci\u00f3n y dem\u00e1s elementos necesarios para su funcionamiento, los dise\u00f1os, logotipos, textos, fotograf\u00edas y\/o gr\u00e1ficos (en adelante, los \u201cContenidos\u201d), son propiedad del Proveedor o, en su caso, ha sido debidamente autorizado para su uso.<\/p>\n<p>Todos los contenidos del sitio web se encuentran debidamente protegidos por la normativa de Propiedad Intelectual e Industrial. Independientemente de la finalidad para la que fueran destinados, su reproducci\u00f3n total o parcial, uso, distribuci\u00f3n y comunicaci\u00f3n p\u00fablica requiere la autorizaci\u00f3n escrita previa por parte del Proveedor. Cualquier uso no autorizado ser\u00e1 considerado un incumplimiento grave de los derechos de propiedad intelectual o industrial del autor.<\/p>\n<p>Los dise\u00f1os, logotipos, textos y\/o gr\u00e1ficos ajenos al Proveedor y que pudieran aparecer en el sitio web pertenecen a sus respectivos propietarios, siendo responsables de cualquier posible controversia que pueda suscitarse sobre los mismos. En todo caso, el Proveedor cuenta con la autorizaci\u00f3n expresa y previa de los mismos.<\/p>\n<p>El Proveedor reconoce a favor de sus titulares los correspondientes derechos de Propiedad Industrial e Intelectual, no implicando la menci\u00f3n o aparici\u00f3n en el sitio web, de la existencia de derechos o responsabilidad alguna del Proveedor sobre los mismos, ni respaldo, patrocinio o recomendaci\u00f3n por su parte.<\/p>\n<p>Para realizar cualquier tipo de observaci\u00f3n respecto a posibles incumplimientos de los derechos de propiedad intelectual o industrial, as\u00ed como sobre cualquiera de los contenidos del sitio web, puede hacerlo a trav\u00e9s del correo electr\u00f3nico arriba indicado.<\/p>\n<p>Los servicios proporcionados y su contenido, caracter\u00edsticas y funcionalidad son y seguir\u00e1n siendo propiedad exclusiva de Chamaida Tabares (Dr. Tabares \u2013 Ikjot Kaur). Los servicios est\u00e1n protegidos por derechos de autor y otras leyes tanto del Reino Unido como de pa\u00edses extranjeros.<\/p>\n<p>Los derechos de autor y la propiedad intelectual de Chamaida Tabares (Dra. Tabares \u2013 Ikjot Kaur) no se pueden utilizar en relaci\u00f3n con ning\u00fan producto o servicio sin el consentimiento previo por escrito del Proveedor.<\/p>\n<p>&nbsp;<\/p>\n<p>&nbsp;<\/p>\n<p><strong>Terminaci\u00f3n<\/strong><\/p>\n<p>Podemos cancelar o suspender su cuenta y prohibir el acceso a los servicios inmediatamente, sin previo aviso ni responsabilidad, bajo nuestro exclusivo criterio, por cualquier motivo y sin limitaci\u00f3n, incluido, entre otros, el incumplimiento de estos t\u00e9rminos.<\/p>\n<p>Si desea cancelar su cuenta, simplemente puede dejar de utilizar los servicios.<\/p>\n<p>Todas las disposiciones de estos t\u00e9rminos que por su naturaleza deber\u00edan sobrevivir a la terminaci\u00f3n seguir\u00e1n vigentes, incluidas, entre otras, las disposiciones de propiedad, las exenciones de garant\u00eda, la indemnizaci\u00f3n y las limitaciones de responsabilidad.<\/p>\n<p>&nbsp;<\/p>\n<p><strong>Indemnizaci\u00f3n<\/strong><\/p>\n<p>Usted acepta defender, indemnizar y eximir de responsabilidad a Chamaida Tabares (Dr. Tabares \u2013 Ikjot Kaur) y sus licenciatarios y licenciantes, y sus empleados, contratistas, agentes y funcionarios, de y contra todos y cada uno de los reclamos, da\u00f1os, obligaciones, p\u00e9rdidas, responsabilidades, costos o deudas y gastos (incluidos, entre otros, honorarios de abogados), que resulten o surjan de a) su uso y acceso a los servicios, por parte de usted o de cualquier persona que use su cuenta y contrase\u00f1a, o b) un incumplimiento de estos T\u00e9rminos.<\/p>\n<p>&nbsp;<\/p>\n<p><strong>Limitaci\u00f3n de responsabilidad<\/strong><\/p>\n<p>En ning\u00fan caso Chamaida Tabares (Dr. Tabares \u2013 Ikjot Kaur), ni sus empleados, socios, agentes, proveedores o afiliados, ser\u00e1n responsables de ning\u00fan da\u00f1o indirecto, incidental, especial, consecuente o punitivo, incluyendo, entre otros, p\u00e9rdida de ganancias, datos, uso, buena voluntad u otras p\u00e9rdidas intangibles, resultantes de:<\/p>\n<ul>\n<li>su acceso, uso o incapacidad de acceder o utilizar los servicios;<\/li>\n<li>cualquier conducta o contenido de cualquier tercero en los servicios;<\/li>\n<li>cualquier contenido obtenido de los servicios; y<\/li>\n<li>acceso no autorizado, uso o alteraci\u00f3n de sus transmisiones o contenido, ya sea basado en garant\u00eda, contrato, agravio (incluyendo negligencia) o cualquier otra teor\u00eda legal, ya sea que hayamos sido informados o no de la posibilidad de dicho da\u00f1o, e incluso si se determina que un remedio establecido en este documento no ha cumplido su prop\u00f3sito esencial.<\/li>\n<\/ul>\n<p>&nbsp;<\/p>\n<p><strong>Descargo de responsabilidad<\/strong><\/p>\n<p>El uso de los servicios es bajo su propio riesgo. Los servicios se proporcionan \"TAL CUAL\" y \"SEG\u00daN DISPONIBILIDAD\". Los servicios se brindan sin garant\u00edas de ning\u00fan tipo, ya sean expresas o impl\u00edcitas, incluidas, entre otras, garant\u00edas impl\u00edcitas de comerciabilidad, idoneidad para un prop\u00f3sito particular, no infracci\u00f3n o curso de desempe\u00f1o.<\/p>\n<p>&nbsp;<\/p>\n<p>Chamaida Tabares (Dr. Tabares \u2013 Ikjot Kaur) y sus subsidiarios, afiliados y licenciantes no garantizan que a) el Servicio funcionar\u00e1 de manera ininterrumpida, segura o disponible en cualquier momento o lugar en particular; b) cualquier error o defecto ser\u00e1 corregido; c) el Servicio est\u00e1 libre de virus u otros componentes da\u00f1inos; o d) los resultados del uso del Servicio cumplir\u00e1n con sus requisitos.<\/p>\n<p>&nbsp;<\/p>\n<p><strong>Exclusiones<\/strong><\/p>\n<p>Algunas jurisdicciones no permiten la exclusi\u00f3n de ciertas garant\u00edas o la exclusi\u00f3n o limitaci\u00f3n de responsabilidad por da\u00f1os consecuentes o incidentales, por lo que es posible que las limitaciones anteriores no se apliquen a usted.<\/p>\n<p>&nbsp;<\/p>\n<p><strong>Modificaciones<\/strong><\/p>\n<p>Nos reservamos el derecho, a nuestro exclusivo criterio, de modificar o reemplazar estos T\u00e9rminos en cualquier momento. Si una revisi\u00f3n es importante, le avisaremos con al menos 30 d\u00edas de antelaci\u00f3n antes de que los nuevos t\u00e9rminos entren en vigor. Lo que constituye un cambio material se determinar\u00e1 con referencia a nuestro exclusivo criterio.<\/p>\n<p>&nbsp;<\/p>\n<p>Al continuar accediendo o utilizando nuestro Servicio despu\u00e9s de que las revisiones entren en vigencia, usted acepta estar sujeto a los t\u00e9rminos revisados. Si no acepta los nuevos t\u00e9rminos, ya no estar\u00e1 autorizado a utilizar el Servicio.<\/p>\n<p>&nbsp;<\/p>\n<p><strong>Contacte con nosotros<\/strong><\/p>\n<p>Si tiene alguna pregunta sobre estos T\u00e9rminos, comun\u00edquese con nosotros a trav\u00e9s del correo electr\u00f3nico proporcionado anteriormente.<\/p>\n\n\t\t<\/div>\n\t<\/div>\n<\/div><\/div><\/div><\/div>\n<\/div>","protected":false},"excerpt":{"rendered":"Terms of Use Your access to and use of the Services is conditioned upon your acceptance of and compliance with","protected":false},"author":1,"featured_media":0,"parent":0,"menu_order":0,"comment_status":"closed","ping_status":"closed","template":"","meta":{"footnotes":""},"class_list":["post-143","page","type-page","status-publish","hentry"],"_links":{"self":[{"href":"https:\/\/chamaidatabares.com\/es\/wp-json\/wp\/v2\/pages\/143","targetHints":{"allow":["GET"]}}],"collection":[{"href":"https:\/\/chamaidatabares.com\/es\/wp-json\/wp\/v2\/pages"}],"about":[{"href":"https:\/\/chamaidatabares.com\/es\/wp-json\/wp\/v2\/types\/page"}],"author":[{"embeddable":true,"href":"https:\/\/chamaidatabares.com\/es\/wp-json\/wp\/v2\/users\/1"}],"replies":[{"embeddable":true,"href":"https:\/\/chamaidatabares.com\/es\/wp-json\/wp\/v2\/comments?post=143"}],"version-history":[{"count":3,"href":"https:\/\/chamaidatabares.com\/es\/wp-json\/wp\/v2\/pages\/143\/revisions"}],"predecessor-version":[{"id":210,"href":"https:\/\/chamaidatabares.com\/es\/wp-json\/wp\/v2\/pages\/143\/revisions\/210"}],"wp:attachment":[{"href":"https:\/\/chamaidatabares.com\/es\/wp-json\/wp\/v2\/media?parent=143"}],"curies":[{"name":"wp","href":"https:\/\/api.w.org\/{rel}","templated":true}]}}